{"id":10,"date":"2022-11-23T15:33:47","date_gmt":"2022-11-23T15:33:47","guid":{"rendered":"http:\/\/area-box.fr\/?page_id=10"},"modified":"2025-11-14T09:25:29","modified_gmt":"2025-11-14T09:25:29","slug":"area-invest-2","status":"publish","type":"page","link":"https:\/\/area-invest.fr\/","title":{"rendered":"AREA INVEST"},"content":{"rendered":"\n\n\t\t\t\t<img decoding=\"async\" src=\"https:\/\/area-invest.fr\/wp-content\/uploads\/2025\/11\/AREA-INVEST-INBESTISSEMMENT.jpg\" alt=\"Watering Growing Money: Financial Growth and Investment Concept\" itemprop=\"image\" height=\"1298\" width=\"1500\" title=\"Watering Growing Money: Financial Growth and Investment Concept\" onerror=\"this.style.display='none'\" loading=\"lazy\" \/>\n\t\t<h2>\n\t\t\tQUI SOMMES NOUS ?\n\t\t<\/h2>\n\tArea Invest est la filiale immobili\u00e8re commerciale d&#8217;Area Group. Nous g\u00e9rons et valorisons l&#8217;immobilier industriel \u00e0 travers trois domaines d&#8217;expertise cl\u00e9s :<br \/>\nAcquisition d&#8217;actifs commerciaux, am\u00e9nagement de terrains et location commerciale.\n<p>Area Invest est le partenaire strat\u00e9gique pour le d\u00e9veloppement et la valorisation.<\/p>\n\t\t<h2>\n\t\t\tAQUISITION D&#8217;ACTIFS PROFESSIONELS\n\t\t<\/h2>\n\t<p>L&#8217;identification des actifs \u00e0 fort potentiel s&#8217;appuie sur des objectifs de rentabilit\u00e9 et de valorisation.<\/p>\n<p>Notre expertise interne porte sur une analyse approfondie du march\u00e9 et une s\u00e9lection rigoureuse des propri\u00e9t\u00e9s pour mener \u00e0 bien les transactions. L&#8217;objectif est de s\u00e9curiser les investissements et de d\u00e9velopper un portefeuille immobilier durable et performant.<\/p>\n\n\t\t\t\t<img decoding=\"async\" src=\"https:\/\/area-invest.fr\/wp-content\/uploads\/2025\/11\/AREA-INVEST-VENTE.jpg\" alt=\"Hand holding pen signs property transfer document. House keys lie on table. Property purchase, real estate, house sale, mortgage loan. New home agreement. Legal documents contract signing.\" itemprop=\"image\" height=\"857\" width=\"1500\" title=\"Hand holding pen signs property transfer document. House keys lie on table. Property purchase, real estate, house sale, mortgage loan. New home agreement. Legal documents, contract signing.\" onerror=\"this.style.display='none'\" loading=\"lazy\" \/>\n\t\t\t\t<img decoding=\"async\" src=\"https:\/\/area-invest.fr\/wp-content\/uploads\/2025\/11\/AREA-INVEST-PLAN.jpg\" alt=\"Urbanisme - Am\u00e9nagement du territoire - Cartes de plan local d&#039;\" itemprop=\"image\" height=\"1000\" width=\"1500\" title=\"Urbanisme - Am\u00e9nagement du territoire - Cartes de plan local d&#039;\" onerror=\"this.style.display='none'\" loading=\"lazy\" \/>\n\t\t<h2>\n\t\t\tVALORISATION FONCI\u00c8RE\n\t\t<\/h2>\n\t<p>Area Invest applique son expertise \u00e0 l&#8217;am\u00e9nagement du territoire, transformant ses actifs ou terrains existants en opportunit\u00e9s de cr\u00e9ation de valeur durable.<\/p>\n<p>Nous analysons le potentiel de chaque bien pour d\u00e9finir des strat\u00e9gies d&#8217;optimisation : requalification, changement d&#8217;usage, extension ou restructuration.<\/p>\n<p>Gr\u00e2ce \u00e0 notre expertise en mati\u00e8re urbanistique, juridique et technique, nous g\u00e9rons toutes les \u00e9tapes de d\u00e9veloppement, de l&#8217;\u00e9tude de faisabilit\u00e9 jusqu&#8217;\u00e0 la r\u00e9alisation du projet. L&#8217;objectif d&#8217;Area Invest est que chaque actif devienne un moteur de croissance.<\/p>\n\t\t<h2>\n\t\t\tLOCATION COMMERCIALE\n\t\t<\/h2>\n\t<p>Area Invest g\u00e8re la gestion locative de biens immobiliers commerciaux (bureaux, commerces, locaux d&#8217;activit\u00e9).<\/p>\n<p>Notre mission est de d\u00e9ployer des strat\u00e9gies de location efficaces pour assurer une occupation optimale des propri\u00e9t\u00e9s et s\u00e9curiser les revenus locatifs.<\/p>\nNous g\u00e9rons l&#8217;ensemble du processus : valorisation des actifs, recherche de locataires, n\u00e9gociation de bail et relations avec les locataires.<br \/>\nL&#8217;objectif est de valoriser durablement notre portefeuille immobilier<br \/>\net d&#8217;optimiser sa rentabilit\u00e9.\n\t\t\t\t<img decoding=\"async\" src=\"https:\/\/area-invest.fr\/wp-content\/uploads\/2025\/11\/AREA-INVEST-CLEFS.jpg\" alt=\"Two hands exchanging keys, illuminated by a warm sunset in an urban setting\" itemprop=\"image\" height=\"987\" width=\"1500\" title=\"Two hands exchanging keys during a sunset street scene\" onerror=\"this.style.display='none'\" loading=\"lazy\" \/>\n\n","protected":false},"excerpt":{"rendered":"<p>QUI SOMMES NOUS ? Area Invest est la filiale immobili\u00e8re commerciale d&#8217;Area Group. Nous g\u00e9rons et valorisons l&#8217;immobilier industriel \u00e0 travers trois domaines d&#8217;expertise cl\u00e9s : Acquisition d&#8217;actifs commerciaux, am\u00e9nagement de terrains et location commerciale. Area Invest est le partenaire strat\u00e9gique pour le d\u00e9veloppement et la valorisation. AQUISITION D&#8217;ACTIFS PROFESSIONELS L&#8217;identification des actifs \u00e0 fort&hellip;<\/p>\n","protected":false},"author":1,"featured_media":0,"parent":0,"menu_order":0,"comment_status":"closed","ping_status":"closed","template":"","meta":{"_monsterinsights_skip_tracking":false,"_monsterinsights_sitenote_active":false,"_monsterinsights_sitenote_note":"","_monsterinsights_sitenote_category":0,"footnotes":""},"class_list":["post-10","page","type-page","status-publish","hentry"],"aioseo_notices":[],"_links":{"self":[{"href":"https:\/\/area-invest.fr\/index.php?rest_route=\/wp\/v2\/pages\/10","targetHints":{"allow":["GET"]}}],"collection":[{"href":"https:\/\/area-invest.fr\/index.php?rest_route=\/wp\/v2\/pages"}],"about":[{"href":"https:\/\/area-invest.fr\/index.php?rest_route=\/wp\/v2\/types\/page"}],"author":[{"embeddable":true,"href":"https:\/\/area-invest.fr\/index.php?rest_route=\/wp\/v2\/users\/1"}],"replies":[{"embeddable":true,"href":"https:\/\/area-invest.fr\/index.php?rest_route=%2Fwp%2Fv2%2Fcomments&post=10"}],"version-history":[{"count":110,"href":"https:\/\/area-invest.fr\/index.php?rest_route=\/wp\/v2\/pages\/10\/revisions"}],"predecessor-version":[{"id":256,"href":"https:\/\/area-invest.fr\/index.php?rest_route=\/wp\/v2\/pages\/10\/revisions\/256"}],"wp:attachment":[{"href":"https:\/\/area-invest.fr\/index.php?rest_route=%2Fwp%2Fv2%2Fmedia&parent=10"}],"curies":[{"name":"wp","href":"https:\/\/api.w.org\/{rel}","templated":true}]}}